{"id":2052,"date":"2015-11-12T10:34:51","date_gmt":"2015-11-12T10:34:51","guid":{"rendered":"https:\/\/sunarplastik.com.tr\/?page_id=2052"},"modified":"2016-01-18T10:46:59","modified_gmt":"2016-01-18T10:46:59","slug":"hdpe-yuksek-yogunluklu-polietilenborular","status":"publish","type":"page","link":"https:\/\/sunarplastik.com.tr\/?page_id=2052","title":{"rendered":"HDPE (Y\u00fcksek Yo\u011funluklu Polietilen)Borular"},"content":{"rendered":"<p><a href=\"https:\/\/sunarplastik.com.tr\/wp-content\/uploads\/2015\/11\/sunar-plastik-HDPE-Borulari.jpg\"><img loading=\"lazy\" decoding=\"async\" class=\"size-medium wp-image-2507 aligncenter\" src=\"https:\/\/sunarplastik.com.tr\/wp-content\/uploads\/2015\/11\/sunar-plastik-HDPE-Borulari-300x243.jpg\" alt=\"sunar-plastik-HDPE Borulari\" width=\"300\" height=\"243\" srcset=\"https:\/\/sunarplastik.com.tr\/wp-content\/uploads\/2015\/11\/sunar-plastik-HDPE-Borulari-300x243.jpg 300w, https:\/\/sunarplastik.com.tr\/wp-content\/uploads\/2015\/11\/sunar-plastik-HDPE-Borulari.jpg 700w\" sizes=\"auto, (max-width: 300px) 100vw, 300px\" \/><\/a>HDPE Borular\u0131m\u0131z;\u00a0\u00d8 15 mm ile\u00a0\u00d8 50 mm aras\u0131 nominal \u00c7aplarda, 10 AT\u00dc ve \u00fczeri dayan\u0131kl\u0131l\u0131k derecesine sahip turuncu ve mavi renkli TSE BELGEL\u0130 mam\u00fcllerimizdendir&#8230;<br \/>\nY\u00fcksek \u00d6l\u00e7ekli et kal\u0131nl\u0131\u011f\u0131 ile standartlar\u0131n \u00fczerinde bir kalite sunar;uygulama an\u0131ndaki kullan\u0131m\u0131 rahatt\u0131r,zamana ba\u011fl\u0131 deformasyonlara kesinlikle u\u011framaz.Ambalaj \u015fekli kangal olan borular\u0131m\u0131z ayr\u0131ca m\u00fc\u015fterilerimizin talepleri do\u011frultusunda 3mt&#8217;lik boylar halinde de imal edilebilir.Yine m\u00fc\u015fterilerimizin iste\u011fi do\u011frultusunda HDPE bORULARIMIZ istenilen her renkte imal edilmektedir.<\/p>\n<table width=\"743\">\n<tbody>\n<tr>\n<td style=\"text-align: center;\" colspan=\"6\" rowspan=\"2\" width=\"615\"><span style=\"color: #ff0000;\">ORTA SER\u0130 &#8211; 750 N ( 10 AT\u00dc )<\/span><\/td>\n<td width=\"128\"><\/td>\n<\/tr>\n<tr>\n<td><\/td>\n<\/tr>\n<tr>\n<td style=\"text-align: center;\"><span style=\"color: #ff0000;\">\u00dcR\u00dcN KODU<\/span><\/td>\n<td style=\"text-align: center;\"><span style=\"color: #ff0000;\">DI\u015e \u00c7AP<\/span><\/td>\n<td style=\"text-align: center;\" colspan=\"2\"><span style=\"color: #ff0000;\">\u0130\u00c7 \u00c7AP<\/span><\/td>\n<td style=\"text-align: center;\"><span style=\"color: #ff0000;\">SINIFI<\/span><\/td>\n<td style=\"text-align: center;\"><span style=\"color: #ff0000;\">AMBALAJ M\u0130KTARI<\/span><\/td>\n<td style=\"text-align: center;\"><span style=\"color: #ff0000;\">AMBALAJ \u015eEKL\u0130<\/span><\/td>\n<\/tr>\n<tr>\n<td style=\"text-align: center;\"><span style=\"color: #3366ff;\">SP-HDPE-152<\/span><\/td>\n<td style=\"text-align: center;\">\u01fe16 MM<\/td>\n<td style=\"text-align: center;\" colspan=\"2\"><strong>12,40 MM<\/strong><\/td>\n<td style=\"text-align: center;\"><span style=\"color: #ff0000;\">3331 &#8211; TSE<\/span><\/td>\n<td style=\"text-align: center;\">300 MT<\/td>\n<td style=\"text-align: center;\">KANGAL<\/td>\n<\/tr>\n<tr>\n<td style=\"text-align: center;\"><span style=\"color: #3366ff;\">SP-HDPE-154<\/span><\/td>\n<td style=\"text-align: center;\">\u01fe20 MM<\/td>\n<td style=\"text-align: center;\" colspan=\"2\"><strong>15,60 MM<\/strong><\/td>\n<td style=\"text-align: center;\"><span style=\"color: #ff0000;\">3331 &#8211; TSE<\/span><\/td>\n<td style=\"text-align: center;\">200 MT<\/td>\n<td style=\"text-align: center;\">KANGAL<\/td>\n<\/tr>\n<tr>\n<td style=\"text-align: center;\"><span style=\"color: #3366ff;\">SP-HDPE-156<\/span><\/td>\n<td style=\"text-align: center;\">\u01fe25 MM<\/td>\n<td style=\"text-align: center;\" colspan=\"2\"><strong>20,00 MM<\/strong><\/td>\n<td style=\"text-align: center;\"><span style=\"color: #ff0000;\">3331 &#8211; TSE<\/span><\/td>\n<td style=\"text-align: center;\">100 MT<\/td>\n<td style=\"text-align: center;\">KANGAL<\/td>\n<\/tr>\n<tr>\n<td style=\"text-align: center;\"><span style=\"color: #3366ff;\">SP-HDPE-158<\/span><\/td>\n<td style=\"text-align: center;\">\u01fe32 MM<\/td>\n<td style=\"text-align: center;\" colspan=\"2\"><strong>24,70 MM<\/strong><\/td>\n<td style=\"text-align: center;\"><span style=\"color: #ff0000;\">3331 &#8211; TSE<\/span><\/td>\n<td style=\"text-align: center;\">100 MT<\/td>\n<td style=\"text-align: center;\">KANGAL<\/td>\n<\/tr>\n<tr>\n<td style=\"text-align: center;\"><span style=\"color: #3366ff;\">SP-HDPE-160<\/span><\/td>\n<td style=\"text-align: center;\">\u01fe40 MM<\/td>\n<td style=\"text-align: center;\" colspan=\"2\"><strong>32,20 MM<\/strong><\/td>\n<td style=\"text-align: center;\"><span style=\"color: #ff0000;\">3331 &#8211; TSE<\/span><\/td>\n<td style=\"text-align: center;\">100 MT<\/td>\n<td style=\"text-align: center;\">KANGAL<\/td>\n<\/tr>\n<tr>\n<td style=\"text-align: center;\"><span style=\"color: #3366ff;\">SP-HDPE-162<\/span><\/td>\n<td style=\"text-align: center;\">\u01fe50 MM<\/td>\n<td style=\"text-align: center;\" colspan=\"2\"><strong>42,30 MM<\/strong><\/td>\n<td style=\"text-align: center;\"><span style=\"color: #ff0000;\">3331 &#8211; TSE<\/span><\/td>\n<td style=\"text-align: center;\">100 MT<\/td>\n<td style=\"text-align: center;\">KANGAL<\/td>\n<\/tr>\n<tr>\n<td><\/td>\n<td><\/td>\n<td><\/td>\n<td><\/td>\n<td><\/td>\n<td><\/td>\n<td><\/td>\n<\/tr>\n<tr>\n<td colspan=\"5\"><span style=\"color: #3366ff;\">HAMMADDE :\u00a0\u00a0\u00a0 AYPE ( AL\u00c7AK YO\u011eUNLUKLU POL\u0130ET\u0130LEN )<\/span><\/td>\n<td><\/td>\n<td><\/td>\n<\/tr>\n<tr>\n<td colspan=\"5\"><span style=\"color: #3366ff;\">LDPE ( LOW DENS\u0130TY POLYETHYLENE )<\/span><\/td>\n<td><\/td>\n<td><\/td>\n<\/tr>\n<tr>\n<td colspan=\"5\"><span style=\"color: #3366ff;\">M\u0130N\u0130MUM ISI ARALI\u011eI : &#8211; 15 C<\/span><\/td>\n<td><\/td>\n<td><\/td>\n<\/tr>\n<tr>\n<td colspan=\"5\"><span style=\"color: #3366ff;\">MAKS\u0130MUM ISI ARALI\u011eI : + 60 C<\/span><\/td>\n<td><\/td>\n<td><\/td>\n<\/tr>\n<tr>\n<td><\/td>\n<td><\/td>\n<td><\/td>\n<td><\/td>\n<td><\/td>\n<td><\/td>\n<td><\/td>\n<\/tr>\n<tr>\n<td>RENK SE\u00c7ENEKLER :<\/td>\n<td colspan=\"2\">\u00a0<a href=\"https:\/\/sunarplastik.com.tr\/wp-content\/uploads\/2015\/11\/SUNAR-PLAST\u0130K-RENK-4.jpg\"><img loading=\"lazy\" decoding=\"async\" class=\"alignnone size-full wp-image-2394\" src=\"https:\/\/sunarplastik.com.tr\/wp-content\/uploads\/2015\/11\/SUNAR-PLAST\u0130K-RENK-4.jpg\" alt=\"SUNAR-PLAST\u0130K-RENK-4\" width=\"79\" height=\"29\" \/><\/a><\/td>\n<td><\/td>\n<td><\/td>\n<td><\/td>\n<td><\/td>\n<\/tr>\n<tr>\n<td><\/td>\n<td><\/td>\n<td><\/td>\n<td><\/td>\n<td><\/td>\n<td><\/td>\n<td><\/td>\n<\/tr>\n<tr>\n<td colspan=\"4\"><strong><span style=\"color: #ff0000;\">KAL\u0130TE BELGES\u0130 : TSE EN 31386 &#8211; 22<\/span><\/strong><\/td>\n<td><\/td>\n<td><\/td>\n<td><\/td>\n<\/tr>\n<\/tbody>\n<\/table>\n","protected":false},"excerpt":{"rendered":"<p>HDPE Borular\u0131m\u0131z;\u00a0\u00d8 15 mm ile\u00a0\u00d8 50 mm aras\u0131 nominal \u00c7aplarda, 10 AT\u00dc ve \u00fczeri dayan\u0131kl\u0131l\u0131k derecesine sahip turuncu ve mavi renkli TSE BELGEL\u0130 mam\u00fcllerimizdendir&#8230; Y\u00fcksek \u00d6l\u00e7ekli et kal\u0131nl\u0131\u011f\u0131 ile standartlar\u0131n \u00fczerinde bir kalite sunar;uygulama an\u0131ndaki kullan\u0131m\u0131 rahatt\u0131r,zamana ba\u011fl\u0131 deformasyonlara kesinlikle u\u011framaz.Ambalaj \u015fekli kangal olan borular\u0131m\u0131z ayr\u0131ca m\u00fc\u015fterilerimizin talepleri do\u011frultusunda 3mt&#8217;lik boylar halinde de imal edilebilir.Yine [&hellip;]<\/p>\n","protected":false},"author":2,"featured_media":0,"parent":0,"menu_order":0,"comment_status":"closed","ping_status":"closed","template":"","meta":{"footnotes":""},"class_list":["post-2052","page","type-page","status-publish","hentry"],"_links":{"self":[{"href":"https:\/\/sunarplastik.com.tr\/index.php?rest_route=\/wp\/v2\/pages\/2052","targetHints":{"allow":["GET"]}}],"collection":[{"href":"https:\/\/sunarplastik.com.tr\/index.php?rest_route=\/wp\/v2\/pages"}],"about":[{"href":"https:\/\/sunarplastik.com.tr\/index.php?rest_route=\/wp\/v2\/types\/page"}],"author":[{"embeddable":true,"href":"https:\/\/sunarplastik.com.tr\/index.php?rest_route=\/wp\/v2\/users\/2"}],"replies":[{"embeddable":true,"href":"https:\/\/sunarplastik.com.tr\/index.php?rest_route=%2Fwp%2Fv2%2Fcomments&post=2052"}],"version-history":[{"count":3,"href":"https:\/\/sunarplastik.com.tr\/index.php?rest_route=\/wp\/v2\/pages\/2052\/revisions"}],"predecessor-version":[{"id":2509,"href":"https:\/\/sunarplastik.com.tr\/index.php?rest_route=\/wp\/v2\/pages\/2052\/revisions\/2509"}],"wp:attachment":[{"href":"https:\/\/sunarplastik.com.tr\/index.php?rest_route=%2Fwp%2Fv2%2Fmedia&parent=2052"}],"curies":[{"name":"wp","href":"https:\/\/api.w.org\/{rel}","templated":true}]}}