{"id":2218,"date":"2015-11-26T15:36:16","date_gmt":"2015-11-26T15:36:16","guid":{"rendered":"https:\/\/sunarplastik.com.tr\/?page_id=2218"},"modified":"2016-01-18T10:53:28","modified_gmt":"2016-01-18T10:53:28","slug":"saplama-tie-rot-borusu","status":"publish","type":"page","link":"https:\/\/sunarplastik.com.tr\/?page_id=2218","title":{"rendered":"SAPLAMA  &#8211; T\u0130E ROT BORUSU"},"content":{"rendered":"<p>YAPILARDA ; PERDE , KOLON VE KALIPLARINDA KULLANILAN SAPLAMALARIN\u00a0( T\u0130E-ROT M\u0130L\u0130 ), BETON D\u00d6K\u00dcM\u00dc ESNASINDA KORUNMASINI VE BETON \u0130LE TEMAS ETMEMES\u0130N\u0130 SA\u011eLAYAN YARDIMCI ELEMANDIR. T\u0130E-ROT M\u0130L\u0130N\u0130N KALIPTAN RAHAT \u00c7IKARILMASINI VE KALIPLAR ARASI MESAFEN\u0130N KORUNMASINI SA\u011eLAR<\/p>\n<table width=\"528\">\n<tbody>\n<tr>\n<td style=\"text-align: center;\" width=\"119\"><span style=\"color: #ff0000;\">\u00dcR\u00dcN KODU<\/span><\/td>\n<td style=\"text-align: center;\" width=\"70\"><span style=\"color: #ff0000;\">DI\u015e \u00c7AP<\/span><\/td>\n<td style=\"text-align: center;\" width=\"57\"><span style=\"color: #ff0000;\">\u0130\u00c7 \u00c7AP<\/span><\/td>\n<td style=\"text-align: center;\" width=\"154\"><span style=\"color: #ff0000;\">AMBALAJ M\u0130KTARI<\/span><\/td>\n<td style=\"text-align: center;\" width=\"128\"><span style=\"color: #ff0000;\">AMBALAJ \u015eEKL\u0130<\/span><\/td>\n<\/tr>\n<tr>\n<td style=\"text-align: center;\"><span style=\"color: #3366ff;\">SP-TR-52<\/span><\/td>\n<td style=\"text-align: center;\"><strong>\u01fe22 MM<\/strong><\/td>\n<td style=\"text-align: center;\"><strong>16 MM<\/strong><\/td>\n<td style=\"text-align: center;\"><strong>102 MT<\/strong><\/td>\n<td style=\"text-align: center;\"><strong>BOY<\/strong><\/td>\n<\/tr>\n<tr>\n<td style=\"text-align: center;\"><span style=\"color: #3366ff;\">SP-TR-53<\/span><\/td>\n<td style=\"text-align: center;\"><strong>\u01fe25 MM<\/strong><\/td>\n<td style=\"text-align: center;\"><strong>19 MM<\/strong><\/td>\n<td style=\"text-align: center;\"><strong>102 MT<\/strong><\/td>\n<td style=\"text-align: center;\"><strong>BOY<\/strong><\/td>\n<\/tr>\n<tr>\n<td style=\"text-align: center;\"><span style=\"color: #3366ff;\">SP-TR-54<\/span><\/td>\n<td style=\"text-align: center;\"><strong>\u01fe32 MM<\/strong><\/td>\n<td style=\"text-align: center;\"><strong>28 MM<\/strong><\/td>\n<td style=\"text-align: center;\"><strong>102 MT<\/strong><\/td>\n<td style=\"text-align: center;\"><strong>BOY<\/strong><\/td>\n<\/tr>\n<\/tbody>\n<\/table>\n<p>RENK SE\u00c7ENEKLER:<img loading=\"lazy\" decoding=\"async\" class=\"alignnone size-full wp-image-2392\" src=\"https:\/\/sunarplastik.com.tr\/wp-content\/uploads\/2015\/11\/SUNAR-PLAST\u0130K-RENK-3.jpg\" alt=\"SUNAR-PLAST\u0130K-RENK-3\" width=\"78\" height=\"29\" \/><\/p>\n","protected":false},"excerpt":{"rendered":"<p>YAPILARDA ; PERDE , KOLON VE KALIPLARINDA KULLANILAN SAPLAMALARIN\u00a0( T\u0130E-ROT M\u0130L\u0130 ), BETON D\u00d6K\u00dcM\u00dc ESNASINDA KORUNMASINI VE BETON \u0130LE TEMAS ETMEMES\u0130N\u0130 SA\u011eLAYAN YARDIMCI ELEMANDIR. T\u0130E-ROT M\u0130L\u0130N\u0130N KALIPTAN RAHAT \u00c7IKARILMASINI VE KALIPLAR ARASI MESAFEN\u0130N KORUNMASINI SA\u011eLAR \u00dcR\u00dcN KODU DI\u015e \u00c7AP \u0130\u00c7 \u00c7AP AMBALAJ M\u0130KTARI AMBALAJ \u015eEKL\u0130 SP-TR-52 \u01fe22 MM 16 MM 102 MT BOY SP-TR-53 \u01fe25 [&hellip;]<\/p>\n","protected":false},"author":2,"featured_media":0,"parent":0,"menu_order":0,"comment_status":"closed","ping_status":"closed","template":"","meta":{"footnotes":""},"class_list":["post-2218","page","type-page","status-publish","hentry"],"_links":{"self":[{"href":"https:\/\/sunarplastik.com.tr\/index.php?rest_route=\/wp\/v2\/pages\/2218","targetHints":{"allow":["GET"]}}],"collection":[{"href":"https:\/\/sunarplastik.com.tr\/index.php?rest_route=\/wp\/v2\/pages"}],"about":[{"href":"https:\/\/sunarplastik.com.tr\/index.php?rest_route=\/wp\/v2\/types\/page"}],"author":[{"embeddable":true,"href":"https:\/\/sunarplastik.com.tr\/index.php?rest_route=\/wp\/v2\/users\/2"}],"replies":[{"embeddable":true,"href":"https:\/\/sunarplastik.com.tr\/index.php?rest_route=%2Fwp%2Fv2%2Fcomments&post=2218"}],"version-history":[{"count":10,"href":"https:\/\/sunarplastik.com.tr\/index.php?rest_route=\/wp\/v2\/pages\/2218\/revisions"}],"predecessor-version":[{"id":2518,"href":"https:\/\/sunarplastik.com.tr\/index.php?rest_route=\/wp\/v2\/pages\/2218\/revisions\/2518"}],"wp:attachment":[{"href":"https:\/\/sunarplastik.com.tr\/index.php?rest_route=%2Fwp%2Fv2%2Fmedia&parent=2218"}],"curies":[{"name":"wp","href":"https:\/\/api.w.org\/{rel}","templated":true}]}}