{"id":2221,"date":"2015-11-26T15:43:21","date_gmt":"2015-11-26T15:43:21","guid":{"rendered":"https:\/\/sunarplastik.com.tr\/?page_id=2221"},"modified":"2016-02-01T09:26:33","modified_gmt":"2016-02-01T09:26:33","slug":"ozel-imalat-borular","status":"publish","type":"page","link":"https:\/\/sunarplastik.com.tr\/?page_id=2221","title":{"rendered":"\u00d6ZEL \u0130MALAT BORULAR"},"content":{"rendered":"<p style=\"text-align: left;\">Standart imalat\u0131m\u0131z olan Elektrik ve \u0130n\u015faat Borular\u0131 haricinde yine hem bu alanlarda hem de farkl\u0131\u00a0sekt\u00f6rlerde kullan\u0131labilinecek alternatif istek ve ihtiya\u00e7lara cevap verebilecek \u00f6zel imalat mam\u00fcllerimiz de \u00a0sizlerin hizmetine sunulmu\u015ftur. Tablomuzda belirtilen nominal \u00e7aplardaki \u00e7e\u015fitli sipari\u015fleriniz iste\u011fe ba\u011fl\u0131 \u00a0olarak \u00e7e\u015fitli et kal\u0131nl\u0131klar\u0131 ve istenilen her renkte \u00fcretilebilmektedir.<\/p>\n<table width=\"561\">\n<tbody>\n<tr>\n<td style=\"text-align: center;\" width=\"119\"><span style=\"color: #ff0000;\">\u00dcR\u00dcN KODU<\/span><\/td>\n<td style=\"text-align: center;\" colspan=\"2\" width=\"160\"><span style=\"color: #ff0000;\">DI\u015e \u00c7AP<\/span><\/td>\n<td style=\"text-align: center;\" width=\"154\"><span style=\"color: #ff0000;\">AMBALAJ M\u0130KTARI<\/span><\/td>\n<td style=\"text-align: center;\" width=\"128\"><span style=\"color: #ff0000;\">AMBALAJ \u015eEKL\u0130<\/span><\/td>\n<\/tr>\n<tr>\n<td style=\"text-align: center;\"><span style=\"color: #3366ff;\">SP-AB &#8211; 41<\/span><\/td>\n<td style=\"text-align: center;\" colspan=\"2\"><strong>8,00 MM<\/strong><\/td>\n<td style=\"text-align: center;\">\u0130STE\u011eE BA\u011eLI<\/td>\n<td style=\"text-align: center;\">KANGAL \/ BOY<\/td>\n<\/tr>\n<tr>\n<td style=\"text-align: center;\"><span style=\"color: #3366ff;\">SP-AB &#8211; 42<\/span><\/td>\n<td style=\"text-align: center;\" colspan=\"2\"><strong>10,00 MM<\/strong><\/td>\n<td style=\"text-align: center;\">\u0130STE\u011eE BA\u011eLI<\/td>\n<td style=\"text-align: center;\">KANGAL \/ BOY<\/td>\n<\/tr>\n<tr>\n<td style=\"text-align: center;\"><span style=\"color: #3366ff;\">SP-AB &#8211; 43<\/span><\/td>\n<td style=\"text-align: center;\" colspan=\"2\"><strong>12,00 MM<\/strong><\/td>\n<td style=\"text-align: center;\">\u0130STE\u011eE BA\u011eLI<\/td>\n<td style=\"text-align: center;\">KANGAL \/ BOY<\/td>\n<\/tr>\n<tr>\n<td style=\"text-align: center;\"><span style=\"color: #3366ff;\">SP-AB &#8211; 44<\/span><\/td>\n<td style=\"text-align: center;\" colspan=\"2\"><strong>16,00 MM<\/strong><\/td>\n<td style=\"text-align: center;\">\u0130STE\u011eE BA\u011eLI<\/td>\n<td style=\"text-align: center;\">KANGAL \/ BOY<\/td>\n<\/tr>\n<tr>\n<td style=\"text-align: center;\"><span style=\"color: #3366ff;\">SP-AB &#8211; 45<\/span><\/td>\n<td style=\"text-align: center;\" colspan=\"2\"><strong>19,00 MM<\/strong><\/td>\n<td style=\"text-align: center;\">\u0130STE\u011eE BA\u011eLI<\/td>\n<td style=\"text-align: center;\">KANGAL \/ BOY<\/td>\n<\/tr>\n<tr>\n<td style=\"text-align: center;\"><span style=\"color: #3366ff;\">SP-AB &#8211; 46<\/span><\/td>\n<td style=\"text-align: center;\" colspan=\"2\"><strong>21,00 MM<\/strong><\/td>\n<td style=\"text-align: center;\">\u0130STE\u011eE BA\u011eLI<\/td>\n<td style=\"text-align: center;\">KANGAL \/ BOY<\/td>\n<\/tr>\n<tr>\n<td style=\"text-align: center;\"><span style=\"color: #3366ff;\">SP-AB &#8211; 47<\/span><\/td>\n<td style=\"text-align: center;\" colspan=\"2\"><strong>23,00 MM<\/strong><\/td>\n<td style=\"text-align: center;\">\u0130STE\u011eE BA\u011eLI<\/td>\n<td style=\"text-align: center;\">KANGAL \/ BOY<\/td>\n<\/tr>\n<tr>\n<td style=\"text-align: center;\"><span style=\"color: #3366ff;\">SP-AB &#8211; 48<\/span><\/td>\n<td style=\"text-align: center;\" colspan=\"2\"><strong>24,00 MM<\/strong><\/td>\n<td style=\"text-align: center;\">\u0130STE\u011eE BA\u011eLI<\/td>\n<td style=\"text-align: center;\">KANGAL \/ BOY<\/td>\n<\/tr>\n<tr>\n<td style=\"text-align: center;\"><span style=\"color: #3366ff;\">SP-AB &#8211; 49<\/span><\/td>\n<td style=\"text-align: center;\" colspan=\"2\"><strong>27,00 MM<\/strong><\/td>\n<td style=\"text-align: center;\">\u0130STE\u011eE BA\u011eLI<\/td>\n<td style=\"text-align: center;\">KANGAL \/ BOY<\/td>\n<\/tr>\n<tr>\n<td style=\"text-align: center;\"><span style=\"color: #3366ff;\">SP-AB &#8211; 50<\/span><\/td>\n<td style=\"text-align: center;\" colspan=\"2\"><strong>28,00 MM<\/strong><\/td>\n<td style=\"text-align: center;\">\u0130STE\u011eE BA\u011eLI<\/td>\n<td style=\"text-align: center;\">KANGAL \/ BOY<\/td>\n<\/tr>\n<tr>\n<td style=\"text-align: center;\"><span style=\"color: #3366ff;\">SP-AB &#8211; 51<\/span><\/td>\n<td style=\"text-align: center;\" colspan=\"2\"><strong>30,00 MM<\/strong><\/td>\n<td style=\"text-align: center;\">\u0130STE\u011eE BA\u011eLI<\/td>\n<td style=\"text-align: center;\">KANGAL \/ BOY<\/td>\n<\/tr>\n<tr>\n<td colspan=\"3\"><span style=\"color: #3366ff;\">HAMMADDE : AYPE ( AL\u00c7AK YO\u011eUNLUKLU POL\u0130ET\u0130LEN )<\/span><\/td>\n<td><\/td>\n<td><\/td>\n<\/tr>\n<tr>\n<td colspan=\"3\"><span style=\"color: #3366ff;\">LDPE ( LOW DENS\u0130TY POLYETHYLENE )<\/span><\/td>\n<td><\/td>\n<td><\/td>\n<\/tr>\n<\/tbody>\n<\/table>\n<p>RENK SE\u00c7ENEKLER:<img loading=\"lazy\" decoding=\"async\" class=\"alignnone size-medium wp-image-2390\" src=\"https:\/\/sunarplastik.com.tr\/wp-content\/uploads\/2015\/11\/SUNAR-PLAST\u0130K-RENK-1-300x23.jpg\" alt=\"SUNAR-PLAST\u0130K-RENK-1\" width=\"300\" height=\"23\" srcset=\"https:\/\/sunarplastik.com.tr\/wp-content\/uploads\/2015\/11\/SUNAR-PLAST\u0130K-RENK-1-300x23.jpg 300w, https:\/\/sunarplastik.com.tr\/wp-content\/uploads\/2015\/11\/SUNAR-PLAST\u0130K-RENK-1.jpg 400w\" sizes=\"auto, (max-width: 300px) 100vw, 300px\" \/><\/p>\n","protected":false},"excerpt":{"rendered":"<p>Standart imalat\u0131m\u0131z olan Elektrik ve \u0130n\u015faat Borular\u0131 haricinde yine hem bu alanlarda hem de farkl\u0131\u00a0sekt\u00f6rlerde kullan\u0131labilinecek alternatif istek ve ihtiya\u00e7lara cevap verebilecek \u00f6zel imalat mam\u00fcllerimiz de \u00a0sizlerin hizmetine sunulmu\u015ftur. Tablomuzda belirtilen nominal \u00e7aplardaki \u00e7e\u015fitli sipari\u015fleriniz iste\u011fe ba\u011fl\u0131 \u00a0olarak \u00e7e\u015fitli et kal\u0131nl\u0131klar\u0131 ve istenilen her renkte \u00fcretilebilmektedir. \u00dcR\u00dcN KODU DI\u015e \u00c7AP AMBALAJ M\u0130KTARI AMBALAJ \u015eEKL\u0130 SP-AB [&hellip;]<\/p>\n","protected":false},"author":2,"featured_media":0,"parent":0,"menu_order":0,"comment_status":"closed","ping_status":"closed","template":"","meta":{"footnotes":""},"class_list":["post-2221","page","type-page","status-publish","hentry"],"_links":{"self":[{"href":"https:\/\/sunarplastik.com.tr\/index.php?rest_route=\/wp\/v2\/pages\/2221","targetHints":{"allow":["GET"]}}],"collection":[{"href":"https:\/\/sunarplastik.com.tr\/index.php?rest_route=\/wp\/v2\/pages"}],"about":[{"href":"https:\/\/sunarplastik.com.tr\/index.php?rest_route=\/wp\/v2\/types\/page"}],"author":[{"embeddable":true,"href":"https:\/\/sunarplastik.com.tr\/index.php?rest_route=\/wp\/v2\/users\/2"}],"replies":[{"embeddable":true,"href":"https:\/\/sunarplastik.com.tr\/index.php?rest_route=%2Fwp%2Fv2%2Fcomments&post=2221"}],"version-history":[{"count":9,"href":"https:\/\/sunarplastik.com.tr\/index.php?rest_route=\/wp\/v2\/pages\/2221\/revisions"}],"predecessor-version":[{"id":2528,"href":"https:\/\/sunarplastik.com.tr\/index.php?rest_route=\/wp\/v2\/pages\/2221\/revisions\/2528"}],"wp:attachment":[{"href":"https:\/\/sunarplastik.com.tr\/index.php?rest_route=%2Fwp%2Fv2%2Fmedia&parent=2221"}],"curies":[{"name":"wp","href":"https:\/\/api.w.org\/{rel}","templated":true}]}}