{"id":2493,"date":"2016-01-09T10:15:17","date_gmt":"2016-01-09T10:15:17","guid":{"rendered":"https:\/\/sunarplastik.com.tr\/?page_id=2493"},"modified":"2016-01-18T10:12:43","modified_gmt":"2016-01-18T10:12:43","slug":"halogen-free-6-atu","status":"publish","type":"page","link":"https:\/\/sunarplastik.com.tr\/?page_id=2493","title":{"rendered":"HALOGEN FREE 6 AT\u00dc"},"content":{"rendered":"<p>Gerek yap\u0131 teknolojinin ve modern kalite y\u00f6netim sistemlerinin geli\u015fmesi, gerekse uluslararas\u0131 normlarda oldu\u011fu gibi \u00fclkemizde de yap\u0131 in\u015falar\u0131n\u0131n temel amac\u0131n\u0131n insan hayat\u0131n\u0131 iyile\u015ftirmek ve can g\u00fcvenli\u011fini en iyi \u015fekilde korumak olu\u015fu; Halojen Free Elektrik Tesisat Borular\u0131n\u0131n kullan\u0131m\u0131n\u0131 art\u0131k bir ihtiya\u00e7tan ziyade bir zorunluluk , hatta bir sorumluluk haline getirmi\u015ftir.<\/p>\n<p>SUNAR PLAST\u0130K, bu sorumluluk bilinci ile Halojen Free Elektrik Tesisat Borular\u0131n\u0131 her zaman bildi\u011finiz y\u00fcksek kalitesi ile sizlerin hizmetine sunmaktad\u0131r. Halojen FREE Borular\u0131m\u0131z TSE Belgelidir.<\/p>\n<p>Halojen; Kimyasal yap\u0131 a\u00e7\u0131s\u0131ndan benzerlik g\u00f6steren ve hepsi \u00e7ok \u00e7abuk tepkimeye giren, \u00e7o\u011fu zaman bilinen en zehirli ve tehlikeli kimyasallar olan klorine hidrokarbonlar ve sentetik organik kimyasallar gibi yeni bile\u015fenler olu\u015fturan ve be\u015f elementten (Florin, klorin, bromin, iyot ve astatin)olu\u015fan gruba verilen add\u0131r\u2026<\/p>\n<p>Halojen Free Borular\u0131n temel \u00f6zeli\u011fi; s\u00f6z\u00fc edilen bu tehlikeli kimyasallardan ar\u0131nd\u0131r\u0131lm\u0131\u015f olmas\u0131, yani halojensiz bir \u015fekilde zehirli, bo\u011fucu ve can emniyetini tehdit edici gaz ve duman riskini ortadan kald\u0131r\u0131yor olmas\u0131d\u0131r.<\/p>\n<p>Halojensiz Borular\u0131m\u0131z Turuncu renkte \u00fcretilmekte olup, farkl\u0131 talepler do\u011frultusunda istenilen her renk \u00fcretilmektedir.<br \/>\nY\u00fcksek bas\u0131n\u00e7ta dayan\u0131kl\u0131 uzun \u00f6m\u00fcrl\u00fcd\u00fcr. Esnektir, ek par\u00e7a ve dirsek kullan\u0131m\u0131 gerektirmez.<\/p>\n<table width=\"756\">\n<tbody>\n<tr>\n<td style=\"text-align: center;\" colspan=\"6\" rowspan=\"2\" width=\"624\"><span style=\"color: #ff0000;\">HAF\u0130F SER\u0130 &#8211; 450 N ( 6 AT\u00dc )<\/span><\/td>\n<td width=\"132\"><\/td>\n<\/tr>\n<tr>\n<td><\/td>\n<\/tr>\n<tr>\n<td style=\"text-align: center;\"><span style=\"color: #ff0000;\">\u00dcR\u00dcN KODU<\/span><\/td>\n<td style=\"text-align: center;\"><span style=\"color: #ff0000;\">DI\u015e \u00c7AP<\/span><\/td>\n<td style=\"text-align: center;\" colspan=\"2\"><span style=\"color: #ff0000;\">\u0130\u00c7 \u00c7AP<\/span><\/td>\n<td style=\"text-align: center;\"><span style=\"color: #ff0000;\">SINIFI<\/span><\/td>\n<td style=\"text-align: center;\"><span style=\"color: #ff0000;\">AMBALAJ M\u0130KTARI<\/span><\/td>\n<td style=\"text-align: center;\"><span style=\"color: #ff0000;\">AMBALAJ \u015eEKL\u0130<\/span><\/td>\n<\/tr>\n<tr>\n<td style=\"text-align: center;\"><span style=\"color: #3366ff;\">SP &#8211; HF &#8211; 60<\/span><\/td>\n<td style=\"text-align: center;\">\u01fe15 MM<\/td>\n<td style=\"text-align: center;\" colspan=\"2\"><strong>12,20 MM<\/strong><\/td>\n<td style=\"text-align: center;\"><strong>2331<\/strong><\/td>\n<td style=\"text-align: center;\">100 \/ 102 MT<\/td>\n<td style=\"text-align: center;\">KANGAL \/ BOY<\/td>\n<\/tr>\n<tr>\n<td style=\"text-align: center;\"><span style=\"color: #3366ff;\">SP &#8211; HF &#8211; 61<\/span><\/td>\n<td style=\"text-align: center;\">\u01fe16 MM<\/td>\n<td style=\"text-align: center;\" colspan=\"2\"><strong>13,00 MM<\/strong><\/td>\n<td style=\"text-align: center;\"><strong>2331<\/strong><\/td>\n<td style=\"text-align: center;\">100 \/ 102 MT<\/td>\n<td style=\"text-align: center;\">KANGAL \/ BOY<\/td>\n<\/tr>\n<tr>\n<td style=\"text-align: center;\"><span style=\"color: #3366ff;\">SP &#8211; HF &#8211; 62<\/span><\/td>\n<td style=\"text-align: center;\">\u01fe18 MM<\/td>\n<td style=\"text-align: center;\" colspan=\"2\"><strong>14,60 MM<\/strong><\/td>\n<td style=\"text-align: center;\"><strong>2331<\/strong><\/td>\n<td style=\"text-align: center;\">100 \/ 102 MT<\/td>\n<td style=\"text-align: center;\">KANGAL \/ BOY<\/td>\n<\/tr>\n<tr>\n<td style=\"text-align: center;\"><span style=\"color: #3366ff;\">SP &#8211; HF &#8211; 64<\/span><\/td>\n<td style=\"text-align: center;\">\u01fe20 MM<\/td>\n<td style=\"text-align: center;\" colspan=\"2\"><strong>16,60 MM<\/strong><\/td>\n<td style=\"text-align: center;\"><strong>2331<\/strong><\/td>\n<td style=\"text-align: center;\">100 \/ 102 MT<\/td>\n<td style=\"text-align: center;\">KANGAL \/ BOY<\/td>\n<\/tr>\n<tr>\n<td style=\"text-align: center;\"><span style=\"color: #3366ff;\">SP &#8211; HF &#8211; 65<\/span><\/td>\n<td style=\"text-align: center;\">\u01fe25 MM<\/td>\n<td style=\"text-align: center;\" colspan=\"2\"><strong>20,60 MM<\/strong><\/td>\n<td style=\"text-align: center;\"><strong>2331<\/strong><\/td>\n<td style=\"text-align: center;\">100 \/ 102 MT<\/td>\n<td style=\"text-align: center;\">KANGAL \/ BOY<\/td>\n<\/tr>\n<tr>\n<td style=\"text-align: center;\"><span style=\"color: #3366ff;\">SP &#8211; HF &#8211; 66<\/span><\/td>\n<td style=\"text-align: center;\">\u01fe32 MM<\/td>\n<td style=\"text-align: center;\" colspan=\"2\"><strong>27,00 MM<\/strong><\/td>\n<td style=\"text-align: center;\"><strong>2331<\/strong><\/td>\n<td style=\"text-align: center;\">100 \/ 102 MT<\/td>\n<td style=\"text-align: center;\">KANGAL \/ BOY<\/td>\n<\/tr>\n<tr>\n<td style=\"text-align: center;\"><span style=\"color: #3366ff;\">SP &#8211; HF &#8211; 67<\/span><\/td>\n<td style=\"text-align: center;\">\u01fe37 MM<\/td>\n<td style=\"text-align: center;\" colspan=\"2\"><strong>31,70 MM<\/strong><\/td>\n<td style=\"text-align: center;\"><strong>2331<\/strong><\/td>\n<td style=\"text-align: center;\">100 \/ 51 MT<\/td>\n<td style=\"text-align: center;\">KANGAL \/ BOY<\/td>\n<\/tr>\n<tr>\n<td style=\"text-align: center;\"><span style=\"color: #3366ff;\">SP &#8211; HF &#8211; 68<\/span><\/td>\n<td style=\"text-align: center;\">\u01fe40 MM<\/td>\n<td style=\"text-align: center;\" colspan=\"2\"><strong>35,00 MM<\/strong><\/td>\n<td style=\"text-align: center;\"><strong>2331<\/strong><\/td>\n<td style=\"text-align: center;\">100 \/ 51 MT<\/td>\n<td style=\"text-align: center;\">KANGAL \/ BOY<\/td>\n<\/tr>\n<tr>\n<td style=\"text-align: center;\"><span style=\"color: #3366ff;\">SP &#8211; HF &#8211; 70<\/span><\/td>\n<td style=\"text-align: center;\">\u01fe50 MM<\/td>\n<td style=\"text-align: center;\" colspan=\"2\"><strong>42,80 MM<\/strong><\/td>\n<td style=\"text-align: center;\"><strong>2331<\/strong><\/td>\n<td style=\"text-align: center;\">100 \/ 51 MT<\/td>\n<td style=\"text-align: center;\">KANGAL \/ BOY<\/td>\n<\/tr>\n<tr>\n<td colspan=\"5\"><span style=\"color: #3366ff;\">HAMMADDE : AYPE ( AL\u00c7AK YO\u011eUNLUKLU POL\u0130ET\u0130LEN )<\/span><\/td>\n<td><span style=\"color: #3366ff;\">\u00a0<\/span><\/td>\n<td><span style=\"color: #3366ff;\">\u00a0<\/span><\/td>\n<\/tr>\n<tr>\n<td colspan=\"5\"><span style=\"color: #3366ff;\">LDPE ( LOW DENS\u0130TY POLYETHYLENE )<\/span><\/td>\n<td><\/td>\n<td><\/td>\n<\/tr>\n<\/tbody>\n<\/table>\n<p>RENK SE\u00c7ENEKLER\u0130:<a href=\"https:\/\/sunarplastik.com.tr\/wp-content\/uploads\/2015\/11\/SUNAR-PLAST\u0130K-RENK-2.jpg\"><img loading=\"lazy\" decoding=\"async\" class=\"alignnone size-medium wp-image-2385\" src=\"https:\/\/sunarplastik.com.tr\/wp-content\/uploads\/2015\/11\/SUNAR-PLAST\u0130K-RENK-2-300x16.jpg\" alt=\"SUNAR-PLAST\u0130K-RENK-2\" width=\"300\" height=\"16\" srcset=\"https:\/\/sunarplastik.com.tr\/wp-content\/uploads\/2015\/11\/SUNAR-PLAST\u0130K-RENK-2-300x16.jpg 300w, https:\/\/sunarplastik.com.tr\/wp-content\/uploads\/2015\/11\/SUNAR-PLAST\u0130K-RENK-2-555x29.jpg 555w, https:\/\/sunarplastik.com.tr\/wp-content\/uploads\/2015\/11\/SUNAR-PLAST\u0130K-RENK-2-540x29.jpg 540w, https:\/\/sunarplastik.com.tr\/wp-content\/uploads\/2015\/11\/SUNAR-PLAST\u0130K-RENK-2-536x29.jpg 536w, https:\/\/sunarplastik.com.tr\/wp-content\/uploads\/2015\/11\/SUNAR-PLAST\u0130K-RENK-2.jpg 557w\" sizes=\"auto, (max-width: 300px) 100vw, 300px\" \/><\/a><\/p>\n<p>&nbsp;<\/p>\n<p>&nbsp;<\/p>\n","protected":false},"excerpt":{"rendered":"<p>Gerek yap\u0131 teknolojinin ve modern kalite y\u00f6netim sistemlerinin geli\u015fmesi, gerekse uluslararas\u0131 normlarda oldu\u011fu gibi \u00fclkemizde de yap\u0131 in\u015falar\u0131n\u0131n temel amac\u0131n\u0131n insan hayat\u0131n\u0131 iyile\u015ftirmek ve can g\u00fcvenli\u011fini en iyi \u015fekilde korumak olu\u015fu; Halojen Free Elektrik Tesisat Borular\u0131n\u0131n kullan\u0131m\u0131n\u0131 art\u0131k bir ihtiya\u00e7tan ziyade bir zorunluluk , hatta bir sorumluluk haline getirmi\u015ftir. SUNAR PLAST\u0130K, bu sorumluluk bilinci ile [&hellip;]<\/p>\n","protected":false},"author":2,"featured_media":0,"parent":0,"menu_order":0,"comment_status":"closed","ping_status":"closed","template":"","meta":{"footnotes":""},"class_list":["post-2493","page","type-page","status-publish","hentry"],"_links":{"self":[{"href":"https:\/\/sunarplastik.com.tr\/index.php?rest_route=\/wp\/v2\/pages\/2493","targetHints":{"allow":["GET"]}}],"collection":[{"href":"https:\/\/sunarplastik.com.tr\/index.php?rest_route=\/wp\/v2\/pages"}],"about":[{"href":"https:\/\/sunarplastik.com.tr\/index.php?rest_route=\/wp\/v2\/types\/page"}],"author":[{"embeddable":true,"href":"https:\/\/sunarplastik.com.tr\/index.php?rest_route=\/wp\/v2\/users\/2"}],"replies":[{"embeddable":true,"href":"https:\/\/sunarplastik.com.tr\/index.php?rest_route=%2Fwp%2Fv2%2Fcomments&post=2493"}],"version-history":[{"count":1,"href":"https:\/\/sunarplastik.com.tr\/index.php?rest_route=\/wp\/v2\/pages\/2493\/revisions"}],"predecessor-version":[{"id":2494,"href":"https:\/\/sunarplastik.com.tr\/index.php?rest_route=\/wp\/v2\/pages\/2493\/revisions\/2494"}],"wp:attachment":[{"href":"https:\/\/sunarplastik.com.tr\/index.php?rest_route=%2Fwp%2Fv2%2Fmedia&parent=2493"}],"curies":[{"name":"wp","href":"https:\/\/api.w.org\/{rel}","templated":true}]}}