{"id":2496,"date":"2016-01-09T10:30:00","date_gmt":"2016-01-09T10:30:00","guid":{"rendered":"https:\/\/sunarplastik.com.tr\/?page_id=2496"},"modified":"2016-01-09T10:37:07","modified_gmt":"2016-01-09T10:37:07","slug":"tunel-kalip-insaat-borulari-6-atu","status":"publish","type":"page","link":"https:\/\/sunarplastik.com.tr\/?page_id=2496","title":{"rendered":"T\u00fcnel Kal\u0131p 6 AT\u00dc"},"content":{"rendered":"<p><a href=\"https:\/\/sunarplastik.com.tr\/wp-content\/uploads\/2015\/11\/sunar-plastik-Tunel-Kalip-boru.jpg\"><img loading=\"lazy\" decoding=\"async\" class=\"size-medium wp-image-2484 aligncenter\" src=\"https:\/\/sunarplastik.com.tr\/wp-content\/uploads\/2015\/11\/sunar-plastik-Tunel-Kalip-boru-300x300.jpg\" alt=\"sunar-plastik-Tunel-Kalip-boru\" width=\"300\" height=\"300\" srcset=\"https:\/\/sunarplastik.com.tr\/wp-content\/uploads\/2015\/11\/sunar-plastik-Tunel-Kalip-boru-300x300.jpg 300w, https:\/\/sunarplastik.com.tr\/wp-content\/uploads\/2015\/11\/sunar-plastik-Tunel-Kalip-boru-150x150.jpg 150w, https:\/\/sunarplastik.com.tr\/wp-content\/uploads\/2015\/11\/sunar-plastik-Tunel-Kalip-boru-160x160.jpg 160w, https:\/\/sunarplastik.com.tr\/wp-content\/uploads\/2015\/11\/sunar-plastik-Tunel-Kalip-boru-90x90.jpg 90w, https:\/\/sunarplastik.com.tr\/wp-content\/uploads\/2015\/11\/sunar-plastik-Tunel-Kalip-boru.jpg 400w\" sizes=\"auto, (max-width: 300px) 100vw, 300px\" \/><\/a><\/p>\n<p>T\u00fcnel Kal\u0131p \u0130n\u015faat Sistemli yap\u0131larda kullan\u0131lmakta olan borular\u0131m\u0131z \u00a2 15 mm ile \u00a2 50 mm aras\u0131 \u00e7aplarda, 6 ve 10 At\u00fc Dayan\u0131kl\u0131l\u0131k oranlar\u0131nda \u00fcretilmektedir. Siyah renkte imal edilen borular\u0131m\u0131z\u0131n ambalaj \u015fekli kangald\u0131r. Ayr\u0131ca farkl\u0131 ihtiya\u00e7lara g\u00f6re alternatif istekler do\u011frultusunda istenilen i\u00e7 ve d\u0131\u015f \u00e7aplarda \u00f6zel imalat yap\u0131labilmektedir. T\u00fcnel Kal\u0131p Borular\u0131n\u0131zda k\u0131r\u0131lma, \u00e7atlama, ezilme, y\u0131rt\u0131lma gibi deformasyonlar kesinlikle g\u00f6r\u00fclmez. Her t\u00fcrl\u00fc hava muhalefetine kar\u015f\u0131 dayan\u0131kl\u0131l\u0131\u011f\u0131, kuvvetli darbelere ve a\u011f\u0131r beton y\u00fck\u00fcne kar\u015f\u0131 g\u00f6sterdi\u011fi direnci ile yap\u0131 i\u00e7indeki uygulaman\u0131n sa\u011fl\u0131kl\u0131 ve sorunsuz olmas\u0131n\u0131 sa\u011flar. Y\u00fcksek esneklik \u00f6zelli\u011finin kullan\u0131mda getirdi\u011fi rahatl\u0131k ise yine bir ba\u015fka \u00f6nemli tercih sebebidir.<\/p>\n<table width=\"682\">\n<tbody>\n<tr>\n<td style=\"text-align: center;\" colspan=\"6\" rowspan=\"2\" width=\"554\"><span style=\"color: #ff0000;\">HAF\u0130F SER\u0130 &#8211; 450 N ( 6 AT\u00dc )<\/span><\/td>\n<td width=\"128\"><\/td>\n<\/tr>\n<tr>\n<td><\/td>\n<\/tr>\n<tr>\n<td style=\"text-align: center;\"><span style=\"color: #ff0000;\">\u00dcR\u00dcN KODU<\/span><\/td>\n<td style=\"text-align: center;\"><span style=\"color: #ff0000;\">DI\u015e \u00c7AP<\/span><\/td>\n<td style=\"text-align: center;\" colspan=\"2\"><span style=\"color: #ff0000;\">\u0130\u00c7 \u00c7AP<\/span><\/td>\n<td style=\"text-align: center;\"><span style=\"color: #ff0000;\">SINIFI<\/span><\/td>\n<td style=\"text-align: center;\"><span style=\"color: #ff0000;\">AMBALAJ M\u0130KTARI<\/span><\/td>\n<td style=\"text-align: center;\"><span style=\"color: #ff0000;\">AMBALAJ \u015eEKL\u0130<\/span><\/td>\n<\/tr>\n<tr>\n<td style=\"text-align: center;\"><span style=\"color: #3366ff;\">SP- TK &#8211; 01<\/span><\/td>\n<td style=\"text-align: center;\">\u01fe15 MM<\/td>\n<td style=\"text-align: center;\" colspan=\"2\"><strong>12,20 MM<\/strong><\/td>\n<td style=\"text-align: center;\"><strong>2331<\/strong><\/td>\n<td style=\"text-align: center;\">100 \/ 102 MT<\/td>\n<td style=\"text-align: center;\">KANGAL \/ BOY<\/td>\n<\/tr>\n<tr>\n<td style=\"text-align: center;\"><span style=\"color: #3366ff;\">SP- TK &#8211; 02<\/span><\/td>\n<td style=\"text-align: center;\">\u01fe16 MM<\/td>\n<td style=\"text-align: center;\" colspan=\"2\"><strong>13,00 MM<\/strong><\/td>\n<td style=\"text-align: center;\"><strong>2331<\/strong><\/td>\n<td style=\"text-align: center;\">100 \/ 102 MT<\/td>\n<td style=\"text-align: center;\">KANGAL \/ BOY<\/td>\n<\/tr>\n<tr>\n<td style=\"text-align: center;\"><span style=\"color: #3366ff;\">SP- TK &#8211; 03<\/span><\/td>\n<td style=\"text-align: center;\">\u01fe18 MM<\/td>\n<td style=\"text-align: center;\" colspan=\"2\"><strong>14,60 MM<\/strong><\/td>\n<td style=\"text-align: center;\"><strong>2331<\/strong><\/td>\n<td style=\"text-align: center;\">100 \/ 102 MT<\/td>\n<td style=\"text-align: center;\">KANGAL \/ BOY<\/td>\n<\/tr>\n<tr>\n<td style=\"text-align: center;\"><span style=\"color: #3366ff;\">SP- TK &#8211; 04<\/span><\/td>\n<td style=\"text-align: center;\">\u01fe20 MM<\/td>\n<td style=\"text-align: center;\" colspan=\"2\"><strong>16,60 MM<\/strong><\/td>\n<td style=\"text-align: center;\"><strong>2331<\/strong><\/td>\n<td style=\"text-align: center;\">100 \/ 102 MT<\/td>\n<td style=\"text-align: center;\">KANGAL \/ BOY<\/td>\n<\/tr>\n<tr>\n<td style=\"text-align: center;\"><span style=\"color: #3366ff;\">SP- TK &#8211; 06<\/span><\/td>\n<td style=\"text-align: center;\">\u01fe25 MM<\/td>\n<td style=\"text-align: center;\" colspan=\"2\"><strong>20,60 MM<\/strong><\/td>\n<td style=\"text-align: center;\"><strong>2331<\/strong><\/td>\n<td style=\"text-align: center;\">100 \/ 102 MT<\/td>\n<td style=\"text-align: center;\">KANGAL \/ BOY<\/td>\n<\/tr>\n<tr>\n<td style=\"text-align: center;\"><span style=\"color: #3366ff;\">SP- TK &#8211; 07<\/span><\/td>\n<td style=\"text-align: center;\">\u01fe32 MM<\/td>\n<td style=\"text-align: center;\" colspan=\"2\"><strong>27,00 MM<\/strong><\/td>\n<td style=\"text-align: center;\"><strong>2331<\/strong><\/td>\n<td style=\"text-align: center;\">100 \/ 102 MT<\/td>\n<td style=\"text-align: center;\">KANGAL \/ BOY<\/td>\n<\/tr>\n<tr>\n<td style=\"text-align: center;\"><span style=\"color: #3366ff;\">SP- TK &#8211; 08<\/span><\/td>\n<td style=\"text-align: center;\">\u01fe37 MM<\/td>\n<td style=\"text-align: center;\" colspan=\"2\"><strong>31,70 MM<\/strong><\/td>\n<td style=\"text-align: center;\"><strong>2331<\/strong><\/td>\n<td style=\"text-align: center;\">100 \/ 51 MT<\/td>\n<td style=\"text-align: center;\">KANGAL \/ BOY<\/td>\n<\/tr>\n<tr>\n<td style=\"text-align: center;\"><span style=\"color: #3366ff;\">SP- TK &#8211; 09<\/span><\/td>\n<td style=\"text-align: center;\">\u01fe40 MM<\/td>\n<td style=\"text-align: center;\" colspan=\"2\"><strong>35,00 MM<\/strong><\/td>\n<td style=\"text-align: center;\"><strong>2331<\/strong><\/td>\n<td style=\"text-align: center;\">100 \/ 51 MT<\/td>\n<td style=\"text-align: center;\">KANGAL \/ BOY<\/td>\n<\/tr>\n<tr>\n<td style=\"text-align: center;\"><span style=\"color: #3366ff;\">SP- TK &#8211; 11<\/span><\/td>\n<td style=\"text-align: center;\">\u01fe50 MM<\/td>\n<td style=\"text-align: center;\" colspan=\"2\"><strong>42,80 MM<\/strong><\/td>\n<td style=\"text-align: center;\"><strong>2331<\/strong><\/td>\n<td style=\"text-align: center;\">100 \/ 51 MT<\/td>\n<td style=\"text-align: center;\">KANGAL \/ BOY<\/td>\n<\/tr>\n<tr>\n<td><\/td>\n<td><\/td>\n<td><\/td>\n<td><\/td>\n<td><\/td>\n<td><\/td>\n<td><\/td>\n<\/tr>\n<tr>\n<td colspan=\"5\">HAMMADDE : AYPE ( AL\u00c7AK YO\u011eUNLUKLU POL\u0130ET\u0130LEN )<\/td>\n<td><\/td>\n<td><\/td>\n<\/tr>\n<tr>\n<td colspan=\"5\">LDPE ( LOW DENS\u0130TY POLYETHYLENE )<\/td>\n<td><\/td>\n<td><\/td>\n<\/tr>\n<\/tbody>\n<\/table>\n<p>RENK SE\u00c7ENEKLER\u0130:\u00a0<a href=\"https:\/\/sunarplastik.com.tr\/wp-content\/uploads\/2015\/11\/SUNAR-PLAST\u0130K-RENK-2.jpg\"><img loading=\"lazy\" decoding=\"async\" class=\"alignnone size-medium wp-image-2385\" src=\"https:\/\/sunarplastik.com.tr\/wp-content\/uploads\/2015\/11\/SUNAR-PLAST\u0130K-RENK-2-300x16.jpg\" alt=\"SUNAR-PLAST\u0130K-RENK-2\" width=\"300\" height=\"16\" srcset=\"https:\/\/sunarplastik.com.tr\/wp-content\/uploads\/2015\/11\/SUNAR-PLAST\u0130K-RENK-2-300x16.jpg 300w, https:\/\/sunarplastik.com.tr\/wp-content\/uploads\/2015\/11\/SUNAR-PLAST\u0130K-RENK-2-555x29.jpg 555w, https:\/\/sunarplastik.com.tr\/wp-content\/uploads\/2015\/11\/SUNAR-PLAST\u0130K-RENK-2-540x29.jpg 540w, https:\/\/sunarplastik.com.tr\/wp-content\/uploads\/2015\/11\/SUNAR-PLAST\u0130K-RENK-2-536x29.jpg 536w, https:\/\/sunarplastik.com.tr\/wp-content\/uploads\/2015\/11\/SUNAR-PLAST\u0130K-RENK-2.jpg 557w\" sizes=\"auto, (max-width: 300px) 100vw, 300px\" \/><\/a><\/p>\n<p>&nbsp;<\/p>\n","protected":false},"excerpt":{"rendered":"<p>T\u00fcnel Kal\u0131p \u0130n\u015faat Sistemli yap\u0131larda kullan\u0131lmakta olan borular\u0131m\u0131z \u00a2 15 mm ile \u00a2 50 mm aras\u0131 \u00e7aplarda, 6 ve 10 At\u00fc Dayan\u0131kl\u0131l\u0131k oranlar\u0131nda \u00fcretilmektedir. Siyah renkte imal edilen borular\u0131m\u0131z\u0131n ambalaj \u015fekli kangald\u0131r. Ayr\u0131ca farkl\u0131 ihtiya\u00e7lara g\u00f6re alternatif istekler do\u011frultusunda istenilen i\u00e7 ve d\u0131\u015f \u00e7aplarda \u00f6zel imalat yap\u0131labilmektedir. T\u00fcnel Kal\u0131p Borular\u0131n\u0131zda k\u0131r\u0131lma, \u00e7atlama, ezilme, y\u0131rt\u0131lma gibi [&hellip;]<\/p>\n","protected":false},"author":2,"featured_media":0,"parent":0,"menu_order":0,"comment_status":"closed","ping_status":"closed","template":"","meta":{"footnotes":""},"class_list":["post-2496","page","type-page","status-publish","hentry"],"_links":{"self":[{"href":"https:\/\/sunarplastik.com.tr\/index.php?rest_route=\/wp\/v2\/pages\/2496","targetHints":{"allow":["GET"]}}],"collection":[{"href":"https:\/\/sunarplastik.com.tr\/index.php?rest_route=\/wp\/v2\/pages"}],"about":[{"href":"https:\/\/sunarplastik.com.tr\/index.php?rest_route=\/wp\/v2\/types\/page"}],"author":[{"embeddable":true,"href":"https:\/\/sunarplastik.com.tr\/index.php?rest_route=\/wp\/v2\/users\/2"}],"replies":[{"embeddable":true,"href":"https:\/\/sunarplastik.com.tr\/index.php?rest_route=%2Fwp%2Fv2%2Fcomments&post=2496"}],"version-history":[{"count":3,"href":"https:\/\/sunarplastik.com.tr\/index.php?rest_route=\/wp\/v2\/pages\/2496\/revisions"}],"predecessor-version":[{"id":2504,"href":"https:\/\/sunarplastik.com.tr\/index.php?rest_route=\/wp\/v2\/pages\/2496\/revisions\/2504"}],"wp:attachment":[{"href":"https:\/\/sunarplastik.com.tr\/index.php?rest_route=%2Fwp%2Fv2%2Fmedia&parent=2496"}],"curies":[{"name":"wp","href":"https:\/\/api.w.org\/{rel}","templated":true}]}}