{"id":485,"date":"2015-04-22T17:07:36","date_gmt":"2015-04-22T17:07:36","guid":{"rendered":"http:\/\/dev.themestudio.net\/maintenance\/?page_id=485"},"modified":"2015-11-21T06:33:50","modified_gmt":"2015-11-21T06:33:50","slug":"contact-us","status":"publish","type":"page","link":"https:\/\/sunarplastik.com.tr\/?page_id=485","title":{"rendered":"\u0130LET\u0130\u015e\u0130M"},"content":{"rendered":"<div class=\"vc_row wpb_row vc_row-fluid section section-contact vc_custom_1430885321995\"><div class=\"container ts-custom-vc-row-container\">\r\n                    <div class=\"vc_row\">\n\t<div class=\"vc_col-sm-12 wpb_column vc_column_container  vc_custom_1431392585459\">\n\t\t<div class=\"wpb_wrapper\">\n\t\t\t<div class=\"wpb_gmaps_widget wpb_content_element\">\n\t<div class=\"wpb_wrapper\">\n\t<div class=\"wpb_map_wraper\">\n\t\t<iframe loading=\"lazy\" src=\"https:\/\/mapsengine.google.com\/map\/embed?mid=zZkiIgxfDuTM.kE_nzoO6GgyA\" width=\"800\" height=\"447\"><\/iframe>\t<\/div>\n\t<\/div>\t<\/div>\n\t\t<\/div> \n\t<\/div> \n\n\t<div class=\"vc_col-sm-12 vc_col-lg-8 vc_col-md-8 wpb_column vc_column_container \">\n\t\t<div class=\"wpb_wrapper\">\n\t\t\t[contact-form-7 id=&#8221;4&#8243;]\n\t\t<\/div> \n\t<\/div> \n\n\t<div class=\"vc_col-sm-12 vc_col-lg-4 vc_col-md-4 wpb_column vc_column_container \">\n\t\t<div class=\"wpb_wrapper\">\n\t\t\t\n\t<div class=\"wpb_text_column wpb_content_element  wpb_animate_when_almost_visible wpb_right-to-left\">\n\t\t<div class=\"wpb_wrapper\">\n\t\t\t<p>\u0130leti\u015fim Bilgilerimiz ;<\/p>\n\n\t\t<\/div> \n\t<\/div> <div class=\"vc_row wpb_row vc_inner vc_row-fluid\"><div class=\"wpb_column vc_column_container vc_col-sm-6\"><div class=\"wpb_wrapper\"><div class=\"icon-text-wrap\"><div class=\"info-title\">Telefon :<\/div><div class=\"icon-text\"><i class=\"fa fa-phone\"><\/i>0216 377 13 19<\/div><!-- \/.icon-text --><\/div><!-- \/.icon-text-wrap --><div class=\"icon-text-wrap\"><div class=\"icon-text\"><i class=\"fa fa-phone\"><\/i>0216 452 41 45<\/div><!-- \/.icon-text --><\/div><!-- \/.icon-text-wrap --><div class=\"icon-text-wrap\"><div class=\"icon-text\"><i class=\"fa fa-fax\"><\/i>0216 377 13 19<\/div><!-- \/.icon-text --><\/div><!-- \/.icon-text-wrap --><\/div><\/div><div class=\"wpb_column vc_column_container vc_col-sm-6\"><div class=\"wpb_wrapper\"><div class=\"icon-text-wrap\"><div class=\"info-title\">Email :<\/div><div class=\"icon-text\"><i class=\"fa fa-envelope-o\"><\/i>info@sunarplastik.com.tr<\/div><!-- \/.icon-text --><\/div><!-- \/.icon-text-wrap --><\/div><\/div><div class=\"wpb_column vc_column_container vc_col-sm-12 vc_custom_1431392490618\"><div class=\"wpb_wrapper\"><div class=\"icon-text-wrap\"><div class=\"info-title\">Adres :<\/div><div class=\"icon-text\"><i class=\"fa fa-map-marker\"><\/i>Cumhuriyet Mah.Adnan Kahveci Cad. No:110 Yakac\u0131k Kartal \/ \u0130STANBUL<\/div><!-- \/.icon-text --><\/div><!-- \/.icon-text-wrap --><\/div><\/div><\/div>\n\t\t<\/div> \n\t<\/div> \n<\/div>\r\n                <\/div><!-- \/.ts-custom-vc-row-container --><\/div>\n","protected":false},"excerpt":{"rendered":"[contact-form-7 id=\"4\"] \u0130leti\u015fim Bilgilerimiz ; Telefon :0216 377 13 190216 452 41 450216 377 13 19Email :info@sunarplastik.com.trAdres :Cumhuriyet Mah.Adnan Kahveci Cad. No:110 Yakac\u0131k Kartal \/ \u0130STANBUL","protected":false},"author":2,"featured_media":0,"parent":0,"menu_order":0,"comment_status":"open","ping_status":"open","template":"templates\/fullwidth-template.php","meta":{"footnotes":""},"class_list":["post-485","page","type-page","status-publish","hentry"],"_links":{"self":[{"href":"https:\/\/sunarplastik.com.tr\/index.php?rest_route=\/wp\/v2\/pages\/485","targetHints":{"allow":["GET"]}}],"collection":[{"href":"https:\/\/sunarplastik.com.tr\/index.php?rest_route=\/wp\/v2\/pages"}],"about":[{"href":"https:\/\/sunarplastik.com.tr\/index.php?rest_route=\/wp\/v2\/types\/page"}],"author":[{"embeddable":true,"href":"https:\/\/sunarplastik.com.tr\/index.php?rest_route=\/wp\/v2\/users\/2"}],"replies":[{"embeddable":true,"href":"https:\/\/sunarplastik.com.tr\/index.php?rest_route=%2Fwp%2Fv2%2Fcomments&post=485"}],"version-history":[{"count":11,"href":"https:\/\/sunarplastik.com.tr\/index.php?rest_route=\/wp\/v2\/pages\/485\/revisions"}],"predecessor-version":[{"id":2184,"href":"https:\/\/sunarplastik.com.tr\/index.php?rest_route=\/wp\/v2\/pages\/485\/revisions\/2184"}],"wp:attachment":[{"href":"https:\/\/sunarplastik.com.tr\/index.php?rest_route=%2Fwp%2Fv2%2Fmedia&parent=485"}],"curies":[{"name":"wp","href":"https:\/\/api.w.org\/{rel}","templated":true}]}}