{"id":680,"date":"2015-11-10T10:19:47","date_gmt":"2015-11-10T10:19:47","guid":{"rendered":"http:\/\/dev.themestudio.net\/maintenance\/?page_id=680"},"modified":"2015-12-03T15:30:39","modified_gmt":"2015-12-03T15:30:39","slug":"hakkimizda-2","status":"publish","type":"page","link":"https:\/\/sunarplastik.com.tr\/?page_id=680","title":{"rendered":"HAKKIMIZDA"},"content":{"rendered":"<p>Kendi Sekt\u00f6r\u00fcnde siz say\u0131n m\u00fc\u015fterilerimize hizmetin en do\u011frusunu\u00a0verebilmek amac\u0131 ile 1987 y\u0131l\u0131nda yola \u00e7\u0131kan SUNAR PLAST\u0130K BORU ve PROF\u0130L SANAY\u0130 geride kalan y\u0131llar boyunca ilk g\u00fcnk\u00fc anlay\u0131\u015f\u0131ndan,ilkelerinden ve heyecan\u0131ndan hi\u00e7bir \u015fey kaybetmeden bug\u00fcn de sizlerin\u00a0hizmetinde ve sizlerden ald\u0131\u011f\u0131 g\u00fc\u00e7le \u00e7al\u0131\u015fmalar\u0131na devam etmektedir&#8230;<br \/>\nBug\u00fcne kadar ba\u015far\u0131yla s\u00fcrd\u00fcrd\u00fc\u011f\u00fc faaliyetlerinde deneyimiini\u00a0ve tecr\u00fcbe kadrosunu kaliteli \u00fcretim anlay\u0131\u015f\u0131 ile birle\u015ftirmeyi kendine g\u00f6rev bilen firmam\u0131z\u00a0kendi sekt\u00f6r\u00fcn\u00fcn \u00f6nde gelen ve tercih edilen kurulu\u015flar\u0131ndan biri olman\u0131n mutlulu\u011funu\u00a0ya\u015famaktad\u0131r&#8230;<\/p>\n<p>Y\u00fcksek \u00fcretim kapasitesi ve g\u00fcncel imalat teknolojisi ile \u00e7al\u0131\u015fmalar\u0131n\u0131\u00a0s\u00fcrd\u00fcren firmam\u0131z,alan\u0131nda sizlerin her t\u00fcrl\u00fc ihtiyac\u0131na cevap verebilecek g\u00fc\u00e7te ve inan\u00e7tad\u0131r.A\u011f\u0131rl\u0131kl\u0131 olarak in\u015faat sekt\u00f6r\u00fcnde kullan\u0131lmakta olan\u00a0Elektrik Tesisat sistemleri Borular\u0131 \u00dczerinde Uzmanla\u015fan firmam\u0131z,farkl\u0131 sekt\u00f6rlerde de alternatif \u00fcr\u00fcn \u00e7e\u015fitleriyle hizmet\u00a0verebilmektedir&#8230;<\/p>\n<p>\u0130malat kalibrasyon \u00f6l\u00e7\u00fclerimiz \u00a28 mm ile 50 mm aras\u0131nda olup mama\u00fcllerimizde &#8221; Al\u00e7ak Yo\u011funluklu&#8221;ve &#8221;y\u00fcksek Yo\u011funluklu&#8221;Polietilen\u00a0Hammadde kullan\u0131lmaktadir.Ayr\u0131ca Sizlerin \u0130stedi\u011fi do\u011frultusunda t\u00fcm mam\u00fclllerimiz \u00e7e\u015fitli renklerde \u00fcretilebilmektedir.Sunar Plastik\u00a0Programl\u0131 \u00e7al\u0131\u015fma sistemi ile istenilen miktardaki sipari\u015flerinizi\u00a0belirtilen \u00f6zelliklere ba\u011fl\u0131 kalarak tam ve eksiksiz olarak zaman\u0131nda teslim \u00a0edebilece\u011fini bug\u00fcne kadar oldu\u011fu gibi bundan sonra da taahh\u00fct eder&#8230;<\/p>\n<p>Sizlerle birlikte daha ileriye ula\u015fabilmek,daha iyi hizmet verebilmek,daha fazla m\u00fc\u015fteri memnuniyeti ve daha\u00a0fazla g\u00fcven kazanabilmek i\u00e7in \u00e7al\u0131\u015fmaya devam ediyoruz&#8230;<\/p>\n<p style=\"text-align: right;\">SAYGILARIMIZLA<\/p>\n","protected":false},"excerpt":{"rendered":"<p>Kendi Sekt\u00f6r\u00fcnde siz say\u0131n m\u00fc\u015fterilerimize hizmetin en do\u011frusunu\u00a0verebilmek amac\u0131 ile 1987 y\u0131l\u0131nda yola \u00e7\u0131kan SUNAR PLAST\u0130K BORU ve PROF\u0130L SANAY\u0130 geride kalan y\u0131llar boyunca ilk g\u00fcnk\u00fc anlay\u0131\u015f\u0131ndan,ilkelerinden ve heyecan\u0131ndan hi\u00e7bir \u015fey kaybetmeden bug\u00fcn de sizlerin\u00a0hizmetinde ve sizlerden ald\u0131\u011f\u0131 g\u00fc\u00e7le \u00e7al\u0131\u015fmalar\u0131na devam etmektedir&#8230; Bug\u00fcne kadar ba\u015far\u0131yla s\u00fcrd\u00fcrd\u00fc\u011f\u00fc faaliyetlerinde deneyimiini\u00a0ve tecr\u00fcbe kadrosunu kaliteli \u00fcretim anlay\u0131\u015f\u0131 ile birle\u015ftirmeyi [&hellip;]<\/p>\n","protected":false},"author":2,"featured_media":0,"parent":0,"menu_order":0,"comment_status":"open","ping_status":"open","template":"","meta":{"footnotes":""},"class_list":["post-680","page","type-page","status-publish","hentry"],"_links":{"self":[{"href":"https:\/\/sunarplastik.com.tr\/index.php?rest_route=\/wp\/v2\/pages\/680","targetHints":{"allow":["GET"]}}],"collection":[{"href":"https:\/\/sunarplastik.com.tr\/index.php?rest_route=\/wp\/v2\/pages"}],"about":[{"href":"https:\/\/sunarplastik.com.tr\/index.php?rest_route=\/wp\/v2\/types\/page"}],"author":[{"embeddable":true,"href":"https:\/\/sunarplastik.com.tr\/index.php?rest_route=\/wp\/v2\/users\/2"}],"replies":[{"embeddable":true,"href":"https:\/\/sunarplastik.com.tr\/index.php?rest_route=%2Fwp%2Fv2%2Fcomments&post=680"}],"version-history":[{"count":1,"href":"https:\/\/sunarplastik.com.tr\/index.php?rest_route=\/wp\/v2\/pages\/680\/revisions"}],"predecessor-version":[{"id":2013,"href":"https:\/\/sunarplastik.com.tr\/index.php?rest_route=\/wp\/v2\/pages\/680\/revisions\/2013"}],"wp:attachment":[{"href":"https:\/\/sunarplastik.com.tr\/index.php?rest_route=%2Fwp%2Fv2%2Fmedia&parent=680"}],"curies":[{"name":"wp","href":"https:\/\/api.w.org\/{rel}","templated":true}]}}