{"id":748,"date":"2015-11-10T11:19:50","date_gmt":"2015-11-10T11:19:50","guid":{"rendered":"http:\/\/dev.themestudio.net\/maintenance\/?page_id=748"},"modified":"2015-12-03T14:34:30","modified_gmt":"2015-12-03T14:34:30","slug":"referanslarimiz","status":"publish","type":"page","link":"https:\/\/sunarplastik.com.tr\/?page_id=748","title":{"rendered":"REFERANSLARIMIZ"},"content":{"rendered":"<table width=\"863\">\n<tbody>\n<tr>\n<td width=\"404\">ARKEON EVLER\u0130 \u2013 YAPI MERKEZ\u0130<\/td>\n<td width=\"459\">G\u00d6ZTEPE PARK RES\u0130DENCE \u2013 EK\u0130NC\u0130LER \u0130N\u015eAAT<\/td>\n<\/tr>\n<tr>\n<td>ACARKENT B\u0130LFEN KOLEJ\u0130 \u0130N\u015eAATI<\/td>\n<td>HALKALI TOPLU KONUTLARI<\/td>\n<\/tr>\n<tr>\n<td>ATA\u015eEH\u0130R 7000A EVLER\u0130 \u2013 ANTYAPI<\/td>\n<td>HGE YAPI \u2013 V\u0130ZTON PARK TUZLA<\/td>\n<\/tr>\n<tr>\n<td>ATA\u015eEH\u0130R TOPLU KONUTLARI \u2013 T.EMLAK BANKASI<\/td>\n<td>\u0130K\u0130TELL\u0130 K\u0130PTA\u015e KONUTLARI<\/td>\n<\/tr>\n<tr>\n<td>AVUSTURYA L\u0130SES\u0130 ALEV OKULLARI \u2013 \u00d6MERL\u0130<\/td>\n<td>\u0130ZM\u0130T \u2013 ADAPAZARI \u2013 D\u00dcZCE \u2013 YALOVA DEPREM KONUTLARI<\/td>\n<\/tr>\n<tr>\n<td>AVAZA OTEL 1 \u2013 T\u00dcRKMEN\u0130STAN<\/td>\n<td>KOZA YA\u015eAM \u0130N\u015eAAT &#8211; ATA\u015eEH\u0130R EV\u0130NPARK<\/td>\n<\/tr>\n<tr>\n<td>ASSAN KONUTLARI \u2013 KURTK\u00d6Y<\/td>\n<td>KOZA YA\u015eAM \u0130N\u015eAAT \u2013 TANTAV\u0130 EV\u0130NPARK<\/td>\n<\/tr>\n<tr>\n<td>ARWEN \u0130STANBUL PROJES\u0130 \u2013 KURTK\u00d6Y<\/td>\n<td>KLASS\u0130S OTEL \u2013 HAMO\u011eLU HOLD\u0130NG<\/td>\n<\/tr>\n<tr>\n<td>AYDINO\u011eLU \u0130N\u015eAAT \u2013 AYPORT PLAZA<\/td>\n<td>KEMERBURGAZ ZENG\u0130N BAH\u00c7E EVLER\u0130<\/td>\n<\/tr>\n<tr>\n<td>BAH\u00c7E\u015eEH\u0130R TOPLU KONUTLARI \u2013 T.EMLAK BANKSI<\/td>\n<td>KEMERBURGAZ AYTEK EVLER\u0130<\/td>\n<\/tr>\n<tr>\n<td>BAH\u00c7E\u015eEH\u0130R- BANU EVLER\u0130-HASANO\u011eLU \u0130N\u015eAAT<\/td>\n<td>KEMERBURGAZ KEMER H\u0130LL EVLER\u0130<\/td>\n<\/tr>\n<tr>\n<td>BE\u015e\u0130KTA\u015e K\u00dcLT\u00dcR MERKEZ\u0130 RESTORASYON \u0130N\u015eAATI<\/td>\n<td>KURTK\u00d6Y TANAY KONAKLARI<\/td>\n<\/tr>\n<tr>\n<td>BEYKOZ KONAKLARI<\/td>\n<td>KOCAEL\u0130 \u00dcNV. ARA\u015eTIRMA VE UYGULAMA HASTANES\u0130<\/td>\n<\/tr>\n<tr>\n<td>CLUB FL\u0130PPER \u2013 BODRUM<\/td>\n<td>L\u0130KYA OTEL \u2013 FETH\u0130YE<\/td>\n<\/tr>\n<tr>\n<td>CARREFOURSA GENEL M\u00dcD\u00dcRL\u00dcK B\u0130NASI<\/td>\n<td>LOTUS EVLER\u0130 &#8211; ORTAK\u00d6Y<\/td>\n<\/tr>\n<tr>\n<td>CADDEBOSTAN K\u00dcLT\u00dcR MERKEZ\u0130<\/td>\n<td>MALTEPE KAYAKENT KONUTLARI<\/td>\n<\/tr>\n<tr>\n<td>CROWNE PLAZA RESTORASYON \u0130N\u015eAATI<\/td>\n<td>MALTEPE YA\u015eAMKENT KONUTLARI<\/td>\n<\/tr>\n<tr>\n<td>\u00c7AYIROVA \u00c7A\u011eDA\u015eKENT KONUTLARI<\/td>\n<td>MAX\u0130 MARKETLER Z\u0130NC\u0130R\u0130<\/td>\n<\/tr>\n<tr>\n<td>\u00c7AMLICA EVLER\u0130<\/td>\n<td>MVK YAPI \u2013 WORK SQUARE PROJES\u0130<\/td>\n<\/tr>\n<tr>\n<td>\u00c7UKUROVA \u0130N\u015eAAT \u2013 ADANUS PARK<\/td>\n<td>M\u00d6N \u0130N\u015eAAT \u2013 M\u0130RACLE RES\u0130DANCE<\/td>\n<\/tr>\n<tr>\n<td>\u00c7UKUROVA \u0130N\u015eAAT \u2013 \u00c7UKUROVA TOWER<\/td>\n<td>OPT\u0130MUM EVLER\u0130 \u2013 \u00d6MERL\u0130<\/td>\n<\/tr>\n<tr>\n<td>DUMANKAYA \u0130N\u015eAAT \u2013 \u00c7EKMEK\u00d6Y EVLER\u0130<\/td>\n<td>\u00d6ZYAZICI \u0130N\u015eAAT \u2013 N\u0130SH ADALAR<\/td>\n<\/tr>\n<tr>\n<td>DUMANKAYA \u0130N\u015eAAT &#8211; G\u0130ZL\u0130BAH\u00c7E KONAKLARI<\/td>\n<td>\u00d6ZYAZICI \u0130N\u015eAAT \u2013 K\u0130PTA\u015e MALTEPE KONUTLARI<\/td>\n<\/tr>\n<tr>\n<td>DUMANKAYA \u0130N\u015eAAT \u2013 YEN\u0130\u015eEH\u0130R EVLER\u0130<\/td>\n<td>RE\u015eAD\u0130YE PARK EVLER\u0130 (FUAT TAMER AK\u0130\u015e EV\u0130) \u2013 ALEMDA\u011e \/ \u0130STANBUL<\/td>\n<\/tr>\n<tr>\n<td>DUMANKAYA \u0130N\u015eAAT \u2013 AKDEN\u0130Z EVLER\u0130<\/td>\n<td>SEFA \u0130N\u015eAAT \u2013 T\u00dcM PROJELER<\/td>\n<\/tr>\n<tr>\n<td>DUMANKAYA \u0130N\u015eAAT \u2013 TREND EVLER\u0130<\/td>\n<td>SUR YAPI \u2013 \u0130D\u0130L\u0130A PROJES\u0130<\/td>\n<\/tr>\n<tr>\n<td>DUMANKAYA \u0130N\u015eAAT \u2013 KELEBEK VAD\u0130S\u0130<\/td>\n<td>SAKLIBAH\u00c7E KONAKLARI \u2013 ALTUN\u0130ZADE-MNS<\/td>\n<\/tr>\n<tr>\n<td>DUMANKAYA \u0130N\u015eAAT \u2013 KONSEPT EVLER\u0130<\/td>\n<td>SANCAKTEPE \u2013 MAHAL<\/td>\n<\/tr>\n<tr>\n<td>DUMANKAYA \u0130N\u015eAAT \u2013 R\u0130T\u0130M \u0130STANBUL<\/td>\n<td>SOYAK \u0130N\u015eAAT \u2013 G\u00d6ZTEPE KONUTLARI<\/td>\n<\/tr>\n<tr>\n<td>DUMANKAYA \u0130N\u015eAAT \u2013 ADRES<\/td>\n<td>SHORT BY SHORT TEKST\u0130L \u2013 DUDULLU<\/td>\n<\/tr>\n<tr>\n<td>DUMANKAYA \u0130N\u015eAAT \u2013 BOTAN\u0130K<\/td>\n<td>TEKN\u0130K YAPI \u2013 UP R\u0130SE EL\u0130TE<\/td>\n<\/tr>\n<tr>\n<td>DUMANKAYA \u0130N\u015eAAT \u2013 FLEX<\/td>\n<td>TEKN\u0130K YAPI \u2013 UP TW\u0130NS<\/td>\n<\/tr>\n<tr>\n<td>DUMANKAYA \u0130N\u015eAAT \u2013 CADDE<\/td>\n<td>TEKN\u0130K YAPI \u2013 UP C\u0130TY FLATS<\/td>\n<\/tr>\n<tr>\n<td>DUMANKAYA \u0130N\u015eAAT &#8211; MOZ\u0130K<\/td>\n<td>TEKN\u0130K YAPI \u2013 EVORA SAMANDIRA<\/td>\n<\/tr>\n<tr>\n<td>DRAGOS DR\u0130VE EVLER\u0130 \u2013 MALTEPE<\/td>\n<td>TEKN\u0130K YAPI \u2013 EVORA \u0130STANBUL \u2013 TUZLA \u2013<\/td>\n<\/tr>\n<tr>\n<td>D\u0130VAN PASTANES\u0130 RESTORASYON \u0130N\u015eAATI<\/td>\n<td>TEKN\u0130K YAPI \u2013 CORCORD \u0130STANBUL<\/td>\n<\/tr>\n<tr>\n<td>DEM\u0130RL\u0130 \u0130N\u015eAAT- T\u00dcM \u015eANT\u0130YELER\u0130<\/td>\n<td>TERAS KONUTLARI &#8211; BEYL\u0130KD\u00dcZ\u00dc<\/td>\n<\/tr>\n<tr>\n<td>ERES\u0130N OTEL<\/td>\n<td>TOPA\u011eACI EVLER\u0130 &#8211; N\u0130\u015eANTA\u015eI<\/td>\n<\/tr>\n<tr>\n<td>EV\u0130DEA KONUTLARI<\/td>\n<td>UZUNLAR \u0130N\u015eAAT \u2013 K\u0130PTA\u015e KAYABA\u015eI KONUTLARI<\/td>\n<\/tr>\n<tr>\n<td>ET\u0130K S\u0130TES\u0130 \u2013 ERENK\u00d6Y<\/td>\n<td>\u00dcMRAN\u0130YE DEVLET HASTANES\u0130<\/td>\n<\/tr>\n<tr>\n<td>ESPADON KARTAL PROJES\u0130<\/td>\n<td>VEFA K\u00dc\u00c7\u00dcK V\u0130LLA \u0130N\u015eAATI<\/td>\n<\/tr>\n<tr>\n<td>EYFEL YAPI \u2013 R\u0130VA K\u0130DS TOWN PROJES\u0130<\/td>\n<td>V\u0130A MA\u011eAZACILIK \u2013 G\u0130RL STOP CAP\u0130TOL \u015eUBES\u0130<\/td>\n<\/tr>\n<tr>\n<td>FLORA EVLER\u0130 \u2013 ATA\u015eEH\u0130R<\/td>\n<td>YAPI MERKEZ\u0130 \u2013 YE\u015e\u0130L PARK CADDE PROJES\u0130<\/td>\n<\/tr>\n<tr>\n<td>FENERBAH\u00c7E PLAJI<\/td>\n<td>YE\u015e\u0130L \u0130N\u015eAAT \u2013 \u0130NNOV\u0130A<\/td>\n<\/tr>\n<tr>\n<td>EK\u015e\u0130O\u011eLU TEKSAN \u0130N\u015eAAT \u2013 PANORAMA TOWERS<\/td>\n<td>YE\u015e\u0130LYURT \u0130N\u015eAAT \u2013 ST\u0130LL \u0130STANBUL D\u0130AMOND<\/td>\n<\/tr>\n<tr>\n<td>EK\u015e\u0130O\u011eLU TEKSAN \u0130N\u015eAAT \u2013 PANORAMA VELPARK RES\u0130DANCE<\/td>\n<td>Z\u0130GANA TAT\u0130L K\u00d6Y\u00dc \u2013TEK-ART \u0130N\u015eAAT \u2013 ANTALYA<\/td>\n<\/tr>\n<tr>\n<td>EK\u015e\u0130O\u011eLU TEKSAN \u0130N\u015eAAT \u2013 PANORAMA CADDE<\/td>\n<td><\/td>\n<\/tr>\n<\/tbody>\n<\/table>\n","protected":false},"excerpt":{"rendered":"<p>ARKEON EVLER\u0130 \u2013 YAPI MERKEZ\u0130 G\u00d6ZTEPE PARK RES\u0130DENCE \u2013 EK\u0130NC\u0130LER \u0130N\u015eAAT ACARKENT B\u0130LFEN KOLEJ\u0130 \u0130N\u015eAATI HALKALI TOPLU KONUTLARI ATA\u015eEH\u0130R 7000A EVLER\u0130 \u2013 ANTYAPI HGE YAPI \u2013 V\u0130ZTON PARK TUZLA ATA\u015eEH\u0130R TOPLU KONUTLARI \u2013 T.EMLAK BANKASI \u0130K\u0130TELL\u0130 K\u0130PTA\u015e KONUTLARI AVUSTURYA L\u0130SES\u0130 ALEV OKULLARI \u2013 \u00d6MERL\u0130 \u0130ZM\u0130T \u2013 ADAPAZARI \u2013 D\u00dcZCE \u2013 YALOVA DEPREM KONUTLARI AVAZA OTEL [&hellip;]<\/p>\n","protected":false},"author":2,"featured_media":0,"parent":0,"menu_order":0,"comment_status":"open","ping_status":"open","template":"","meta":{"footnotes":""},"class_list":["post-748","page","type-page","status-publish","hentry"],"_links":{"self":[{"href":"https:\/\/sunarplastik.com.tr\/index.php?rest_route=\/wp\/v2\/pages\/748","targetHints":{"allow":["GET"]}}],"collection":[{"href":"https:\/\/sunarplastik.com.tr\/index.php?rest_route=\/wp\/v2\/pages"}],"about":[{"href":"https:\/\/sunarplastik.com.tr\/index.php?rest_route=\/wp\/v2\/types\/page"}],"author":[{"embeddable":true,"href":"https:\/\/sunarplastik.com.tr\/index.php?rest_route=\/wp\/v2\/users\/2"}],"replies":[{"embeddable":true,"href":"https:\/\/sunarplastik.com.tr\/index.php?rest_route=%2Fwp%2Fv2%2Fcomments&post=748"}],"version-history":[{"count":5,"href":"https:\/\/sunarplastik.com.tr\/index.php?rest_route=\/wp\/v2\/pages\/748\/revisions"}],"predecessor-version":[{"id":2154,"href":"https:\/\/sunarplastik.com.tr\/index.php?rest_route=\/wp\/v2\/pages\/748\/revisions\/2154"}],"wp:attachment":[{"href":"https:\/\/sunarplastik.com.tr\/index.php?rest_route=%2Fwp%2Fv2%2Fmedia&parent=748"}],"curies":[{"name":"wp","href":"https:\/\/api.w.org\/{rel}","templated":true}]}}